{"id":2,"date":"2021-05-25T15:14:36","date_gmt":"2021-05-25T15:14:36","guid":{"rendered":"https:\/\/podologie-werdenberg.ch\/?page_id=2"},"modified":"2021-10-13T12:15:39","modified_gmt":"2021-10-13T12:15:39","slug":"sample-page","status":"publish","type":"page","link":"https:\/\/podologie-werdenberg.ch\/","title":{"rendered":"Willkommen"},"content":{"rendered":"\n<p>Unsere F\u00fcsse tragen uns ein Leben lang \u2013 darum trage ich sie in meinen H\u00e4nden.<br>Ich unterst\u00fctze sie bei der F\u00f6rderung ihres Wohlbefindens!<\/p>\n\n\n\n<figure class=\"wp-block-pullquote has-background is-style-solid-color\" style=\"background-color:#b6cee0\"><blockquote class=\"has-text-color has-black-color\"><p><strong>gesunde F\u00fcsse \u2013 zufriedene Menschen<\/strong><\/p><p>wenn ich etwas daf\u00fcr tun kann &#8211; helfe ich gerne <\/p><\/blockquote><\/figure>\n\n\n\n<p>Die Podologie&#8230;<\/p>\n\n\n\n<ul><li>f\u00f6rdert Wohlbefinden und verhindert Sp\u00e4tfolgen\/Erkrankungen der F\u00fcsse<\/li><li>ist f\u00fcr alle Personen, die in irgendwelcher Form Probleme oder Schmerzen an ihren F\u00fcssen haben<\/li><li>hilft bei der Nachbehandlung von Operationen an den F\u00fcssen (z.B. bei Narben)<\/li><li>ist f\u00fcr Personen, die ihre F\u00fcsse nicht mehr selbst\u00e4ndig pflegen k\u00f6nnen<\/li><li>ist f\u00fcr alle Personen, die Wert auf schmerzfreie und gepflegte F\u00fcsse legen<\/li><\/ul>\n\n\n\n<p><\/p>\n\n\n\n<p><br><\/p>\n","protected":false},"excerpt":{"rendered":"<p>Unsere F\u00fcsse tragen uns ein Leben lang \u2013 darum trage ich sie in meinen H\u00e4nden.Ich unterst\u00fctze sie bei der F\u00f6rderung [&hellip;]<\/p>\n","protected":false},"author":1,"featured_media":0,"parent":0,"menu_order":0,"comment_status":"closed","ping_status":"closed","template":"","meta":[],"yoast_head":"<!-- This site is optimized with the Yoast SEO plugin v21.8.1 - https:\/\/yoast.com\/wordpress\/plugins\/seo\/ -->\n<title>Willkommen - Podologie Werdenberg<\/title>\n<meta name=\"robots\" content=\"index, follow, max-snippet:-1, max-image-preview:large, max-video-preview:-1\" \/>\n<link rel=\"canonical\" href=\"https:\/\/podologie-werdenberg.ch\/\" \/>\n<meta property=\"og:locale\" content=\"de_DE\" \/>\n<meta property=\"og:type\" content=\"article\" \/>\n<meta property=\"og:title\" content=\"Willkommen - Podologie Werdenberg\" \/>\n<meta property=\"og:description\" content=\"Unsere F\u00fcsse tragen uns ein Leben lang \u2013 darum trage ich sie in meinen H\u00e4nden.Ich unterst\u00fctze sie bei der F\u00f6rderung [&hellip;]\" \/>\n<meta property=\"og:url\" content=\"https:\/\/podologie-werdenberg.ch\/\" \/>\n<meta property=\"og:site_name\" content=\"Podologie Werdenberg\" \/>\n<meta property=\"article:modified_time\" content=\"2021-10-13T12:15:39+00:00\" \/>\n<meta name=\"twitter:card\" content=\"summary_large_image\" \/>\n<meta name=\"twitter:label1\" content=\"Gesch\u00e4tzte Lesezeit\" \/>\n\t<meta name=\"twitter:data1\" content=\"1 Minute\" \/>\n<script type=\"application\/ld+json\" class=\"yoast-schema-graph\">{\"@context\":\"https:\/\/schema.org\",\"@graph\":[{\"@type\":\"WebPage\",\"@id\":\"https:\/\/podologie-werdenberg.ch\/\",\"url\":\"https:\/\/podologie-werdenberg.ch\/\",\"name\":\"Willkommen - Podologie Werdenberg\",\"isPartOf\":{\"@id\":\"https:\/\/podologie-werdenberg.ch\/#website\"},\"datePublished\":\"2021-05-25T15:14:36+00:00\",\"dateModified\":\"2021-10-13T12:15:39+00:00\",\"breadcrumb\":{\"@id\":\"https:\/\/podologie-werdenberg.ch\/#breadcrumb\"},\"inLanguage\":\"de-CH\",\"potentialAction\":[{\"@type\":\"ReadAction\",\"target\":[\"https:\/\/podologie-werdenberg.ch\/\"]}]},{\"@type\":\"BreadcrumbList\",\"@id\":\"https:\/\/podologie-werdenberg.ch\/#breadcrumb\",\"itemListElement\":[{\"@type\":\"ListItem\",\"position\":1,\"name\":\"Startseite\",\"item\":\"https:\/\/podologie-werdenberg.ch\/\"},{\"@type\":\"ListItem\",\"position\":2,\"name\":\"Willkommen\"}]},{\"@type\":\"WebSite\",\"@id\":\"https:\/\/podologie-werdenberg.ch\/#website\",\"url\":\"https:\/\/podologie-werdenberg.ch\/\",\"name\":\"Podologie Werdenberg\",\"description\":\"\",\"publisher\":{\"@id\":\"https:\/\/podologie-werdenberg.ch\/#organization\"},\"potentialAction\":[{\"@type\":\"SearchAction\",\"target\":{\"@type\":\"EntryPoint\",\"urlTemplate\":\"https:\/\/podologie-werdenberg.ch\/?s={search_term_string}\"},\"query-input\":\"required name=search_term_string\"}],\"inLanguage\":\"de-CH\"},{\"@type\":\"Organization\",\"@id\":\"https:\/\/podologie-werdenberg.ch\/#organization\",\"name\":\"Podologie Werdenberg\",\"url\":\"https:\/\/podologie-werdenberg.ch\/\",\"logo\":{\"@type\":\"ImageObject\",\"inLanguage\":\"de-CH\",\"@id\":\"https:\/\/podologie-werdenberg.ch\/#\/schema\/logo\/image\/\",\"url\":\"https:\/\/i0.wp.com\/podologie-werdenberg.ch\/wp-content\/uploads\/2021\/06\/cropped-Podologie_Werdenberg_Grafic2.png?fit=379%2C244&ssl=1\",\"contentUrl\":\"https:\/\/i0.wp.com\/podologie-werdenberg.ch\/wp-content\/uploads\/2021\/06\/cropped-Podologie_Werdenberg_Grafic2.png?fit=379%2C244&ssl=1\",\"width\":379,\"height\":244,\"caption\":\"Podologie Werdenberg\"},\"image\":{\"@id\":\"https:\/\/podologie-werdenberg.ch\/#\/schema\/logo\/image\/\"}}]}<\/script>\n<!-- \/ Yoast SEO plugin. -->","yoast_head_json":{"title":"Willkommen - Podologie Werdenberg","robots":{"index":"index","follow":"follow","max-snippet":"max-snippet:-1","max-image-preview":"max-image-preview:large","max-video-preview":"max-video-preview:-1"},"canonical":"https:\/\/podologie-werdenberg.ch\/","og_locale":"de_DE","og_type":"article","og_title":"Willkommen - Podologie Werdenberg","og_description":"Unsere F\u00fcsse tragen uns ein Leben lang \u2013 darum trage ich sie in meinen H\u00e4nden.Ich unterst\u00fctze sie bei der F\u00f6rderung [&hellip;]","og_url":"https:\/\/podologie-werdenberg.ch\/","og_site_name":"Podologie Werdenberg","article_modified_time":"2021-10-13T12:15:39+00:00","twitter_card":"summary_large_image","twitter_misc":{"Gesch\u00e4tzte Lesezeit":"1 Minute"},"schema":{"@context":"https:\/\/schema.org","@graph":[{"@type":"WebPage","@id":"https:\/\/podologie-werdenberg.ch\/","url":"https:\/\/podologie-werdenberg.ch\/","name":"Willkommen - Podologie Werdenberg","isPartOf":{"@id":"https:\/\/podologie-werdenberg.ch\/#website"},"datePublished":"2021-05-25T15:14:36+00:00","dateModified":"2021-10-13T12:15:39+00:00","breadcrumb":{"@id":"https:\/\/podologie-werdenberg.ch\/#breadcrumb"},"inLanguage":"de-CH","potentialAction":[{"@type":"ReadAction","target":["https:\/\/podologie-werdenberg.ch\/"]}]},{"@type":"BreadcrumbList","@id":"https:\/\/podologie-werdenberg.ch\/#breadcrumb","itemListElement":[{"@type":"ListItem","position":1,"name":"Startseite","item":"https:\/\/podologie-werdenberg.ch\/"},{"@type":"ListItem","position":2,"name":"Willkommen"}]},{"@type":"WebSite","@id":"https:\/\/podologie-werdenberg.ch\/#website","url":"https:\/\/podologie-werdenberg.ch\/","name":"Podologie Werdenberg","description":"","publisher":{"@id":"https:\/\/podologie-werdenberg.ch\/#organization"},"potentialAction":[{"@type":"SearchAction","target":{"@type":"EntryPoint","urlTemplate":"https:\/\/podologie-werdenberg.ch\/?s={search_term_string}"},"query-input":"required name=search_term_string"}],"inLanguage":"de-CH"},{"@type":"Organization","@id":"https:\/\/podologie-werdenberg.ch\/#organization","name":"Podologie Werdenberg","url":"https:\/\/podologie-werdenberg.ch\/","logo":{"@type":"ImageObject","inLanguage":"de-CH","@id":"https:\/\/podologie-werdenberg.ch\/#\/schema\/logo\/image\/","url":"https:\/\/i0.wp.com\/podologie-werdenberg.ch\/wp-content\/uploads\/2021\/06\/cropped-Podologie_Werdenberg_Grafic2.png?fit=379%2C244&ssl=1","contentUrl":"https:\/\/i0.wp.com\/podologie-werdenberg.ch\/wp-content\/uploads\/2021\/06\/cropped-Podologie_Werdenberg_Grafic2.png?fit=379%2C244&ssl=1","width":379,"height":244,"caption":"Podologie Werdenberg"},"image":{"@id":"https:\/\/podologie-werdenberg.ch\/#\/schema\/logo\/image\/"}}]}},"jetpack_sharing_enabled":true,"_links":{"self":[{"href":"https:\/\/podologie-werdenberg.ch\/index.php?rest_route=\/wp\/v2\/pages\/2"}],"collection":[{"href":"https:\/\/podologie-werdenberg.ch\/index.php?rest_route=\/wp\/v2\/pages"}],"about":[{"href":"https:\/\/podologie-werdenberg.ch\/index.php?rest_route=\/wp\/v2\/types\/page"}],"author":[{"embeddable":true,"href":"https:\/\/podologie-werdenberg.ch\/index.php?rest_route=\/wp\/v2\/users\/1"}],"replies":[{"embeddable":true,"href":"https:\/\/podologie-werdenberg.ch\/index.php?rest_route=%2Fwp%2Fv2%2Fcomments&post=2"}],"version-history":[{"count":9,"href":"https:\/\/podologie-werdenberg.ch\/index.php?rest_route=\/wp\/v2\/pages\/2\/revisions"}],"predecessor-version":[{"id":90,"href":"https:\/\/podologie-werdenberg.ch\/index.php?rest_route=\/wp\/v2\/pages\/2\/revisions\/90"}],"wp:attachment":[{"href":"https:\/\/podologie-werdenberg.ch\/index.php?rest_route=%2Fwp%2Fv2%2Fmedia&parent=2"}],"curies":[{"name":"wp","href":"https:\/\/api.w.org\/{rel}","templated":true}]}}