{"id":16,"date":"2021-06-02T16:19:59","date_gmt":"2021-06-02T16:19:59","guid":{"rendered":"https:\/\/podologie-werdenberg.ch\/?page_id=16"},"modified":"2022-07-06T09:27:40","modified_gmt":"2022-07-06T09:27:40","slug":"ueber-uns","status":"publish","type":"page","link":"https:\/\/podologie-werdenberg.ch\/?page_id=16","title":{"rendered":"\u00dcber mich"},"content":{"rendered":"\n<p>mein Name ist Rhea Sch\u00e4pper und ich freue mich ihre F\u00fcsse zu pflegen&#8230;<\/p>\n\n\n\n<p><strong>Werdegang<\/strong>:<\/p>\n\n\n\n<ul><li>Ausbildung als Podologin 1996-1999<\/li><li>Arbeitserfahrung gesammelt in verschiedenen Podologiepraxen<\/li><li>Abschluss dipl. Podologin HF 2005<\/li><li>Teilpensum als \u00dcK Referentin f\u00fcr den Berufsverband an der Berufsschule Zofingen seit 2005<\/li><li>Pr\u00fcfungsexpertin EFZ seit 2005<\/li><li>Mitglied Zentralvorstand Schweizerischen Podologen Verband SPV (Resort Weiterbildung) 2010 bis 2019<\/li><li>Referentin KOMEKON Schulungsprogramm der PizolCare seit 2011<\/li><\/ul>\n","protected":false},"excerpt":{"rendered":"<p>mein Name ist Rhea Sch\u00e4pper und ich freue mich ihre F\u00fcsse zu pflegen&#8230; Werdegang: Ausbildung als Podologin 1996-1999 Arbeitserfahrung gesammelt [&hellip;]<\/p>\n","protected":false},"author":1,"featured_media":0,"parent":0,"menu_order":0,"comment_status":"closed","ping_status":"closed","template":"","meta":[],"yoast_head":"<!-- This site is optimized with the Yoast SEO plugin v21.8.1 - https:\/\/yoast.com\/wordpress\/plugins\/seo\/ -->\n<title>\u00dcber mich - Podologie Werdenberg<\/title>\n<meta name=\"robots\" content=\"index, follow, max-snippet:-1, max-image-preview:large, max-video-preview:-1\" \/>\n<link rel=\"canonical\" href=\"https:\/\/podologie-werdenberg.ch\/?page_id=16\" \/>\n<meta property=\"og:locale\" content=\"de_DE\" \/>\n<meta property=\"og:type\" content=\"article\" \/>\n<meta property=\"og:title\" content=\"\u00dcber mich - Podologie Werdenberg\" \/>\n<meta property=\"og:description\" content=\"mein Name ist Rhea Sch\u00e4pper und ich freue mich ihre F\u00fcsse zu pflegen&#8230; Werdegang: Ausbildung als Podologin 1996-1999 Arbeitserfahrung gesammelt [&hellip;]\" \/>\n<meta property=\"og:url\" content=\"https:\/\/podologie-werdenberg.ch\/?page_id=16\" \/>\n<meta property=\"og:site_name\" content=\"Podologie Werdenberg\" \/>\n<meta property=\"article:modified_time\" content=\"2022-07-06T09:27:40+00:00\" \/>\n<meta name=\"twitter:card\" content=\"summary_large_image\" \/>\n<meta name=\"twitter:label1\" content=\"Gesch\u00e4tzte Lesezeit\" \/>\n\t<meta name=\"twitter:data1\" content=\"1 Minute\" \/>\n<script type=\"application\/ld+json\" class=\"yoast-schema-graph\">{\"@context\":\"https:\/\/schema.org\",\"@graph\":[{\"@type\":\"WebPage\",\"@id\":\"https:\/\/podologie-werdenberg.ch\/?page_id=16\",\"url\":\"https:\/\/podologie-werdenberg.ch\/?page_id=16\",\"name\":\"\u00dcber mich - Podologie Werdenberg\",\"isPartOf\":{\"@id\":\"https:\/\/podologie-werdenberg.ch\/#website\"},\"datePublished\":\"2021-06-02T16:19:59+00:00\",\"dateModified\":\"2022-07-06T09:27:40+00:00\",\"breadcrumb\":{\"@id\":\"https:\/\/podologie-werdenberg.ch\/?page_id=16#breadcrumb\"},\"inLanguage\":\"de-CH\",\"potentialAction\":[{\"@type\":\"ReadAction\",\"target\":[\"https:\/\/podologie-werdenberg.ch\/?page_id=16\"]}]},{\"@type\":\"BreadcrumbList\",\"@id\":\"https:\/\/podologie-werdenberg.ch\/?page_id=16#breadcrumb\",\"itemListElement\":[{\"@type\":\"ListItem\",\"position\":1,\"name\":\"Startseite\",\"item\":\"https:\/\/podologie-werdenberg.ch\/\"},{\"@type\":\"ListItem\",\"position\":2,\"name\":\"\u00dcber mich\"}]},{\"@type\":\"WebSite\",\"@id\":\"https:\/\/podologie-werdenberg.ch\/#website\",\"url\":\"https:\/\/podologie-werdenberg.ch\/\",\"name\":\"Podologie Werdenberg\",\"description\":\"\",\"publisher\":{\"@id\":\"https:\/\/podologie-werdenberg.ch\/#organization\"},\"potentialAction\":[{\"@type\":\"SearchAction\",\"target\":{\"@type\":\"EntryPoint\",\"urlTemplate\":\"https:\/\/podologie-werdenberg.ch\/?s={search_term_string}\"},\"query-input\":\"required name=search_term_string\"}],\"inLanguage\":\"de-CH\"},{\"@type\":\"Organization\",\"@id\":\"https:\/\/podologie-werdenberg.ch\/#organization\",\"name\":\"Podologie Werdenberg\",\"url\":\"https:\/\/podologie-werdenberg.ch\/\",\"logo\":{\"@type\":\"ImageObject\",\"inLanguage\":\"de-CH\",\"@id\":\"https:\/\/podologie-werdenberg.ch\/#\/schema\/logo\/image\/\",\"url\":\"https:\/\/i0.wp.com\/podologie-werdenberg.ch\/wp-content\/uploads\/2021\/06\/cropped-Podologie_Werdenberg_Grafic2.png?fit=379%2C244&ssl=1\",\"contentUrl\":\"https:\/\/i0.wp.com\/podologie-werdenberg.ch\/wp-content\/uploads\/2021\/06\/cropped-Podologie_Werdenberg_Grafic2.png?fit=379%2C244&ssl=1\",\"width\":379,\"height\":244,\"caption\":\"Podologie Werdenberg\"},\"image\":{\"@id\":\"https:\/\/podologie-werdenberg.ch\/#\/schema\/logo\/image\/\"}}]}<\/script>\n<!-- \/ Yoast SEO plugin. -->","yoast_head_json":{"title":"\u00dcber mich - Podologie Werdenberg","robots":{"index":"index","follow":"follow","max-snippet":"max-snippet:-1","max-image-preview":"max-image-preview:large","max-video-preview":"max-video-preview:-1"},"canonical":"https:\/\/podologie-werdenberg.ch\/?page_id=16","og_locale":"de_DE","og_type":"article","og_title":"\u00dcber mich - Podologie Werdenberg","og_description":"mein Name ist Rhea Sch\u00e4pper und ich freue mich ihre F\u00fcsse zu pflegen&#8230; Werdegang: Ausbildung als Podologin 1996-1999 Arbeitserfahrung gesammelt [&hellip;]","og_url":"https:\/\/podologie-werdenberg.ch\/?page_id=16","og_site_name":"Podologie Werdenberg","article_modified_time":"2022-07-06T09:27:40+00:00","twitter_card":"summary_large_image","twitter_misc":{"Gesch\u00e4tzte Lesezeit":"1 Minute"},"schema":{"@context":"https:\/\/schema.org","@graph":[{"@type":"WebPage","@id":"https:\/\/podologie-werdenberg.ch\/?page_id=16","url":"https:\/\/podologie-werdenberg.ch\/?page_id=16","name":"\u00dcber mich - Podologie Werdenberg","isPartOf":{"@id":"https:\/\/podologie-werdenberg.ch\/#website"},"datePublished":"2021-06-02T16:19:59+00:00","dateModified":"2022-07-06T09:27:40+00:00","breadcrumb":{"@id":"https:\/\/podologie-werdenberg.ch\/?page_id=16#breadcrumb"},"inLanguage":"de-CH","potentialAction":[{"@type":"ReadAction","target":["https:\/\/podologie-werdenberg.ch\/?page_id=16"]}]},{"@type":"BreadcrumbList","@id":"https:\/\/podologie-werdenberg.ch\/?page_id=16#breadcrumb","itemListElement":[{"@type":"ListItem","position":1,"name":"Startseite","item":"https:\/\/podologie-werdenberg.ch\/"},{"@type":"ListItem","position":2,"name":"\u00dcber mich"}]},{"@type":"WebSite","@id":"https:\/\/podologie-werdenberg.ch\/#website","url":"https:\/\/podologie-werdenberg.ch\/","name":"Podologie Werdenberg","description":"","publisher":{"@id":"https:\/\/podologie-werdenberg.ch\/#organization"},"potentialAction":[{"@type":"SearchAction","target":{"@type":"EntryPoint","urlTemplate":"https:\/\/podologie-werdenberg.ch\/?s={search_term_string}"},"query-input":"required name=search_term_string"}],"inLanguage":"de-CH"},{"@type":"Organization","@id":"https:\/\/podologie-werdenberg.ch\/#organization","name":"Podologie Werdenberg","url":"https:\/\/podologie-werdenberg.ch\/","logo":{"@type":"ImageObject","inLanguage":"de-CH","@id":"https:\/\/podologie-werdenberg.ch\/#\/schema\/logo\/image\/","url":"https:\/\/i0.wp.com\/podologie-werdenberg.ch\/wp-content\/uploads\/2021\/06\/cropped-Podologie_Werdenberg_Grafic2.png?fit=379%2C244&ssl=1","contentUrl":"https:\/\/i0.wp.com\/podologie-werdenberg.ch\/wp-content\/uploads\/2021\/06\/cropped-Podologie_Werdenberg_Grafic2.png?fit=379%2C244&ssl=1","width":379,"height":244,"caption":"Podologie Werdenberg"},"image":{"@id":"https:\/\/podologie-werdenberg.ch\/#\/schema\/logo\/image\/"}}]}},"jetpack_sharing_enabled":true,"_links":{"self":[{"href":"https:\/\/podologie-werdenberg.ch\/index.php?rest_route=\/wp\/v2\/pages\/16"}],"collection":[{"href":"https:\/\/podologie-werdenberg.ch\/index.php?rest_route=\/wp\/v2\/pages"}],"about":[{"href":"https:\/\/podologie-werdenberg.ch\/index.php?rest_route=\/wp\/v2\/types\/page"}],"author":[{"embeddable":true,"href":"https:\/\/podologie-werdenberg.ch\/index.php?rest_route=\/wp\/v2\/users\/1"}],"replies":[{"embeddable":true,"href":"https:\/\/podologie-werdenberg.ch\/index.php?rest_route=%2Fwp%2Fv2%2Fcomments&post=16"}],"version-history":[{"count":5,"href":"https:\/\/podologie-werdenberg.ch\/index.php?rest_route=\/wp\/v2\/pages\/16\/revisions"}],"predecessor-version":[{"id":106,"href":"https:\/\/podologie-werdenberg.ch\/index.php?rest_route=\/wp\/v2\/pages\/16\/revisions\/106"}],"wp:attachment":[{"href":"https:\/\/podologie-werdenberg.ch\/index.php?rest_route=%2Fwp%2Fv2%2Fmedia&parent=16"}],"curies":[{"name":"wp","href":"https:\/\/api.w.org\/{rel}","templated":true}]}}